{"id":978,"date":"2018-11-17T12:23:04","date_gmt":"2018-11-17T11:23:04","guid":{"rendered":"https:\/\/www.montajeselectricosanaya.com\/was-wir-tun\/brandbekampfung\/"},"modified":"2018-11-17T14:48:06","modified_gmt":"2018-11-17T13:48:06","slug":"brandbekampfung","status":"publish","type":"page","link":"https:\/\/www.montajeselectricosanaya.com\/de\/was-wir-tun\/brandbekampfung\/","title":{"rendered":"Brandbek\u00e4mpfung"},"content":{"rendered":"<p><div class=\"fusion-fullwidth fullwidth-box fusion-builder-row-1 fusion-parallax-none nonhundred-percent-fullwidth non-hundred-percent-height-scrolling\" style=\"--awb-border-radius-top-left:0px;--awb-border-radius-top-right:0px;--awb-border-radius-bottom-right:0px;--awb-border-radius-bottom-left:0px;--awb-padding-top:250px;--awb-margin-top:0px;--awb-margin-bottom:0px;--awb-background-image:url(&quot;https:\/\/www.montajeselectricosanaya.com\/wp-content\/uploads\/2018\/10\/contraincendio-1.jpg&quot;);--awb-background-size:cover;--awb-flex-wrap:wrap;\" ><div class=\"fusion-builder-row fusion-row\"><div class=\"fusion-layout-column fusion_builder_column fusion-builder-column-0 fusion_builder_column_1_1 1_1 fusion-one-full fusion-column-first fusion-column-last\" style=\"--awb-bg-size:cover;--awb-margin-bottom:0px;\"><div class=\"fusion-column-wrapper fusion-flex-column-wrapper-legacy\"><div class=\"fusion-section-separator section-separator big-half-circle fusion-section-separator-1\" style=\"--awb-spacer-height:99px;--awb-svg-margin-left:0;--awb-svg-margin-right:0;--awb-divider-height:99px;--awb-spacer-padding-top:inherit;--awb-sep-padding:0;--awb-svg-padding:0;\"><div class=\"fusion-section-separator-svg\"><svg class=\"fusion-big-half-circle-candy\" xmlns=\"http:\/\/www.w3.org\/2000\/svg\" version=\"1.1\" width=\"100%\" height=\"100\" viewBox=\"0 0 100 100\" preserveAspectRatio=\"none\" fill=\"rgba(255,255,255,1)\"><path d=\"M0 100 C40 0 60 0 100 100 Z\"><\/path><\/svg><\/div><div class=\"fusion-section-separator-spacer\"><div class=\"fusion-section-separator-spacer-height\"><\/div><\/div><\/div><div class=\"fusion-clearfix\"><\/div><\/div><\/div><\/div><\/div><div class=\"fusion-fullwidth fullwidth-box fusion-builder-row-2 nonhundred-percent-fullwidth non-hundred-percent-height-scrolling\" style=\"--awb-border-radius-top-left:0px;--awb-border-radius-top-right:0px;--awb-border-radius-bottom-right:0px;--awb-border-radius-bottom-left:0px;--awb-flex-wrap:wrap;\" ><div class=\"fusion-builder-row fusion-row\"><div class=\"fusion-layout-column fusion_builder_column fusion-builder-column-1 fusion_builder_column_1_1 1_1 fusion-one-full fusion-column-first fusion-column-last\" style=\"--awb-bg-size:cover;\"><div class=\"fusion-column-wrapper fusion-flex-column-wrapper-legacy\"><div class=\"fusion-title title fusion-title-1 fusion-sep-none fusion-title-center fusion-title-text fusion-title-size-one\" style=\"--awb-margin-bottom:15px;--awb-margin-top-small:0px;--awb-margin-right-small:0px;--awb-margin-bottom-small:20px;--awb-margin-left-small:0px;--awb-sep-color:#ffffff;\"><h1 class=\"fusion-title-heading title-heading-center fusion-responsive-typography-calculated\" style=\"margin:0;--fontSize:60;line-height:1.4;\"><span style=\"color: #b31217;\">Brandbek\u00e4mpfung<\/span><\/h1><\/div><div class=\"fusion-sep-clear\"><\/div><div class=\"fusion-separator\" style=\"margin-left: auto;margin-right: auto;margin-bottom:15px;width:100%;max-width:30%;\"><div class=\"fusion-separator-border sep-single sep-solid\" style=\"--awb-height:20px;--awb-amount:20px;--awb-sep-color:#b31217;border-color:#b31217;border-top-width:2px;\"><\/div><\/div><div class=\"fusion-sep-clear\"><\/div><div class=\"fusion-title title fusion-title-2 fusion-sep-none fusion-title-center fusion-title-text fusion-title-size-two\" style=\"--awb-margin-top-small:0px;--awb-margin-right-small:0px;--awb-margin-bottom-small:20px;--awb-margin-left-small:0px;\"><h2 class=\"fusion-title-heading title-heading-center fusion-responsive-typography-calculated\" style=\"margin:0;--fontSize:34;line-height:1.5;\"><span style=\"color: #b31217;\">angepasst an die Vorschriften der einzelnen L\u00e4nder<\/span><\/h2><\/div><div class=\"fusion-sep-clear\"><\/div><div class=\"fusion-separator fusion-full-width-sep\" style=\"margin-left: auto;margin-right: auto;margin-top:20px;width:100%;\"><\/div><div class=\"fusion-sep-clear\"><\/div><div class=\"fusion-text fusion-text-1 awb-text-cols fusion-text-columns-3 fusion-no-small-visibility\" style=\"--awb-columns:3;--awb-column-spacing:2em;--awb-column-min-width:100px;--awb-rule-style:1px solid #b31217;\"><p>Sicherheit hat f\u00fcr jeden unserer Kunden Vorrang und wir von Anaya wissen das. Unsere Abteilung f\u00fcr Brandschutz k\u00fcmmert sich akribisch um jedes Projekt und passt es an die bestehenden Vorschriften des jeweiligen Landes an.<\/p>\n<ul>\n<li>Automatische Brandmeldeanlagen <\/li>\n<li>Feuerl\u00f6schanlagen <\/li>\n<li>Mobile Feuerl\u00f6scher <\/li>\n<li>hydrants <\/li>\n<li>Trockene Spalten <\/li>\n<li>Feuerdruckgruppen <\/li>\n<li>Brandschutzschilderung <\/li>\n<li>Evakuierungspl\u00e4ne <\/li>\n<li>Lautsprecher <\/li>\n<\/ul>\n<\/div><div class=\"fusion-text fusion-text-2 fusion-no-medium-visibility fusion-no-large-visibility\"><p>Sicherheit hat f\u00fcr jeden unserer Kunden Vorrang und wir von Anaya wissen das. Unsere Abteilung f\u00fcr Brandschutz k\u00fcmmert sich akribisch um jedes Projekt und passt es an die bestehenden Vorschriften des jeweiligen Landes an.<\/p>\n<ul>\n<li>Automatische Brandmeldeanlagen <\/li>\n<li>Feuerl\u00f6schanlagen <\/li>\n<li>Mobile Feuerl\u00f6scher <\/li>\n<li>hydrants <\/li>\n<li>Trockene Spalten <\/li>\n<li>Feuerdruckgruppen <\/li>\n<li>Brandschutzschilderung <\/li>\n<li>Evakuierungspl\u00e4ne <\/li>\n<li>Lautsprecher <\/li>\n<\/ul>\n<\/div><div class=\"fusion-clearfix\"><\/div><\/div><\/div><\/div><\/div><\/p>\n","protected":false},"excerpt":{"rendered":"","protected":false},"author":1,"featured_media":0,"parent":962,"menu_order":40,"comment_status":"closed","ping_status":"closed","template":"100-width.php","meta":{"footnotes":""},"class_list":["post-978","page","type-page","status-publish","hentry"],"_links":{"self":[{"href":"https:\/\/www.montajeselectricosanaya.com\/de\/wp-json\/wp\/v2\/pages\/978","targetHints":{"allow":["GET"]}}],"collection":[{"href":"https:\/\/www.montajeselectricosanaya.com\/de\/wp-json\/wp\/v2\/pages"}],"about":[{"href":"https:\/\/www.montajeselectricosanaya.com\/de\/wp-json\/wp\/v2\/types\/page"}],"author":[{"embeddable":true,"href":"https:\/\/www.montajeselectricosanaya.com\/de\/wp-json\/wp\/v2\/users\/1"}],"replies":[{"embeddable":true,"href":"https:\/\/www.montajeselectricosanaya.com\/de\/wp-json\/wp\/v2\/comments?post=978"}],"version-history":[{"count":0,"href":"https:\/\/www.montajeselectricosanaya.com\/de\/wp-json\/wp\/v2\/pages\/978\/revisions"}],"up":[{"embeddable":true,"href":"https:\/\/www.montajeselectricosanaya.com\/de\/wp-json\/wp\/v2\/pages\/962"}],"wp:attachment":[{"href":"https:\/\/www.montajeselectricosanaya.com\/de\/wp-json\/wp\/v2\/media?parent=978"}],"curies":[{"name":"wp","href":"https:\/\/api.w.org\/{rel}","templated":true}]}}