{"id":962,"date":"2018-11-17T12:14:42","date_gmt":"2018-11-17T11:14:42","guid":{"rendered":"https:\/\/www.montajeselectricosanaya.com\/was-wir-tun\/"},"modified":"2018-11-17T14:42:18","modified_gmt":"2018-11-17T13:42:18","slug":"was-wir-tun","status":"publish","type":"page","link":"https:\/\/www.montajeselectricosanaya.com\/de\/was-wir-tun\/","title":{"rendered":"Was wir tun"},"content":{"rendered":"<p><div class=\"fusion-fullwidth fullwidth-box fusion-builder-row-1 fusion-parallax-none nonhundred-percent-fullwidth non-hundred-percent-height-scrolling\" style=\"--awb-background-position:center bottom;--awb-border-radius-top-left:0px;--awb-border-radius-top-right:0px;--awb-border-radius-bottom-right:0px;--awb-border-radius-bottom-left:0px;--awb-padding-top:250px;--awb-margin-top:0px;--awb-margin-bottom:0px;--awb-background-image:url(&quot;https:\/\/www.montajeselectricosanaya.com\/wp-content\/uploads\/2018\/10\/hacemos.jpg&quot;);--awb-background-size:cover;--awb-flex-wrap:wrap;\" ><div class=\"fusion-builder-row fusion-row\"><div class=\"fusion-layout-column fusion_builder_column fusion-builder-column-0 fusion_builder_column_1_1 1_1 fusion-one-full fusion-column-first fusion-column-last\" style=\"--awb-bg-size:cover;--awb-margin-bottom:0px;\"><div class=\"fusion-column-wrapper fusion-flex-column-wrapper-legacy\"><div class=\"fusion-section-separator section-separator big-half-circle fusion-section-separator-1\" style=\"--awb-spacer-height:99px;--awb-svg-margin-left:0;--awb-svg-margin-right:0;--awb-divider-height:99px;--awb-spacer-padding-top:inherit;--awb-sep-padding:0;--awb-svg-padding:0;\"><div class=\"fusion-section-separator-svg\"><svg class=\"fusion-big-half-circle-candy\" xmlns=\"http:\/\/www.w3.org\/2000\/svg\" version=\"1.1\" width=\"100%\" height=\"100\" viewBox=\"0 0 100 100\" preserveAspectRatio=\"none\" fill=\"rgba(255,255,255,1)\"><path d=\"M0 100 C40 0 60 0 100 100 Z\"><\/path><\/svg><\/div><div class=\"fusion-section-separator-spacer\"><div class=\"fusion-section-separator-spacer-height\"><\/div><\/div><\/div><div class=\"fusion-clearfix\"><\/div><\/div><\/div><\/div><\/div><div class=\"fusion-fullwidth fullwidth-box fusion-builder-row-2 nonhundred-percent-fullwidth non-hundred-percent-height-scrolling\" style=\"--awb-border-radius-top-left:0px;--awb-border-radius-top-right:0px;--awb-border-radius-bottom-right:0px;--awb-border-radius-bottom-left:0px;--awb-flex-wrap:wrap;\" ><div class=\"fusion-builder-row fusion-row\"><div class=\"fusion-layout-column fusion_builder_column fusion-builder-column-1 fusion_builder_column_1_1 1_1 fusion-one-full fusion-column-first fusion-column-last\" style=\"--awb-bg-size:cover;\"><div class=\"fusion-column-wrapper fusion-flex-column-wrapper-legacy\"><div class=\"fusion-title title fusion-title-1 fusion-sep-none fusion-title-center fusion-title-text fusion-title-size-one\" style=\"--awb-margin-bottom:15px;--awb-margin-top-small:0px;--awb-margin-right-small:0px;--awb-margin-bottom-small:20px;--awb-margin-left-small:0px;--awb-sep-color:#ffffff;\"><h1 class=\"fusion-title-heading title-heading-center fusion-responsive-typography-calculated\" style=\"margin:0;--fontSize:60;line-height:1.4;\"><span style=\"color: #b31217;\">Was wir tun<\/span><\/h1><\/div><div class=\"fusion-sep-clear\"><\/div><div class=\"fusion-separator\" style=\"margin-left: auto;margin-right: auto;margin-bottom:15px;width:100%;max-width:30%;\"><div class=\"fusion-separator-border sep-single sep-solid\" style=\"--awb-height:20px;--awb-amount:20px;--awb-sep-color:#b31217;border-color:#b31217;border-top-width:2px;\"><\/div><\/div><div class=\"fusion-sep-clear\"><\/div><div class=\"fusion-title title fusion-title-2 fusion-sep-none fusion-title-center fusion-title-text fusion-title-size-two\" style=\"--awb-margin-top-small:0px;--awb-margin-right-small:0px;--awb-margin-bottom-small:20px;--awb-margin-left-small:0px;\"><h2 class=\"fusion-title-heading title-heading-center fusion-responsive-typography-calculated\" style=\"margin:0;--fontSize:34;line-height:1.5;\"><span style=\"color: #b31217;\">Ingenieurwesen, Elektroinstallationen und vieles mehr<\/span><\/h2><\/div><div class=\"fusion-sep-clear\"><\/div><div class=\"fusion-separator fusion-full-width-sep\" style=\"margin-left: auto;margin-right: auto;margin-top:30px;width:100%;\"><\/div><div class=\"fusion-sep-clear\"><\/div><div class=\"fusion-title title fusion-title-3 fusion-sep-none fusion-title-center fusion-title-text fusion-title-size-two\" style=\"--awb-margin-top-small:0px;--awb-margin-right-small:0px;--awb-margin-bottom-small:20px;--awb-margin-left-small:0px;\"><h2 class=\"fusion-title-heading title-heading-center fusion-responsive-typography-calculated\" style=\"margin:0;--fontSize:34;line-height:1.5;\">Ingenieurwesen<\/h2><\/div><div class=\"fusion-sep-clear\"><\/div><div class=\"fusion-separator fusion-full-width-sep\" style=\"margin-left: auto;margin-right: auto;margin-top:20px;width:100%;\"><\/div><div class=\"fusion-sep-clear\"><\/div><div class=\"fusion-text fusion-text-1 awb-text-cols fusion-text-columns-3 fusion-no-small-visibility\" style=\"--awb-columns:3;--awb-column-spacing:2em;--awb-column-min-width:100px;--awb-rule-style:1px solid #b31217;\"><p>Montajes El\u00e9ctricos Anaya ist nicht nur ein Elektrounternehmen, das Projekte durchf\u00fchrt. Unsere technische Abteilung entwickelt die Projekte selbst, nach den W\u00fcnschen unserer Kunden und k\u00fcmmert sich um die Legalisierung, egal ob f\u00fcr \u00f6ffentliche Einrichtungen oder f\u00fcr \u00a0industrielle oder private Sektoren.<\/p>\n<ul>\n<li>Nieder- und Mittelspannungsprojekte<\/li>\n<li>Projekte von Transformationszentren<\/li>\n<li>Feuerl\u00f6schprojekte<\/li>\n<li>Messungen<\/li>\n<li>Technische Zeichnungen<\/li>\n<li>Einzeldraht-Schemata<\/li>\n<li>Technische Gutachten<\/li>\n<li>Studien zur Installation von Blitzableitern<\/li>\n<li>Domotierungsprojekte<\/li>\n<li>TV-Projekte<\/li>\n<li>CCTV-Projekte<\/li>\n<li>Projekte Installation von elektrischen Ladepunkten<\/li>\n<li>Photovoltaik-Panel-Installationsstudien<\/li>\n<li>Technische und dekorative Beleuchtungsprojekte<\/li>\n<\/ul>\n<\/div><div class=\"fusion-text fusion-text-2 fusion-no-medium-visibility fusion-no-large-visibility\"><p>Montajes El\u00e9ctricos Anaya ist nicht nur ein Elektrounternehmen, das Projekte durchf\u00fchrt. Unsere technische Abteilung entwickelt die Projekte selbst, nach den W\u00fcnschen unserer Kunden und k\u00fcmmert sich um die Legalisierung, egal ob f\u00fcr \u00f6ffentliche Einrichtungen oder f\u00fcr \u00a0industrielle oder private Sektoren.<\/p>\n<ul>\n<li>Nieder- und Mittelspannungsprojekte<\/li>\n<li>Projekte von Transformationszentren<\/li>\n<li>Feuerl\u00f6schprojekte<\/li>\n<li>Messungen<\/li>\n<li>Technische Zeichnungen<\/li>\n<li>Einzeldraht-Schemata<\/li>\n<li>Technische Gutachten<\/li>\n<li>Studien zur Installation von Blitzableitern<\/li>\n<li>Domotierungsprojekte<\/li>\n<li>TV-Projekte<\/li>\n<li>CCTV-Projekte<\/li>\n<li>Projekte Installation von elektrischen Ladepunkten<\/li>\n<li>Photovoltaik-Panel-Installationsstudien<\/li>\n<li>Technische und dekorative Beleuchtungsprojekte<\/li>\n<\/ul>\n<\/div><div class=\"fusion-clearfix\"><\/div><\/div><\/div><\/div><\/div><div class=\"fusion-fullwidth fullwidth-box fusion-builder-row-3 nonhundred-percent-fullwidth non-hundred-percent-height-scrolling\" style=\"--awb-border-radius-top-left:0px;--awb-border-radius-top-right:0px;--awb-border-radius-bottom-right:0px;--awb-border-radius-bottom-left:0px;--awb-flex-wrap:wrap;\" ><div class=\"fusion-builder-row fusion-row\"><div class=\"fusion-layout-column fusion_builder_column fusion-builder-column-2 fusion_builder_column_1_1 1_1 fusion-one-full fusion-column-first fusion-column-last\" style=\"--awb-bg-size:cover;\"><div class=\"fusion-column-wrapper fusion-flex-column-wrapper-legacy\"><div class=\"fusion-sep-clear\"><\/div><div class=\"fusion-separator fusion-full-width-sep\" style=\"margin-left: auto;margin-right: auto;margin-top:30px;width:100%;\"><\/div><div class=\"fusion-sep-clear\"><\/div><div class=\"fusion-clearfix\"><\/div><\/div><\/div><div class=\"fusion-layout-column fusion_builder_column fusion-builder-column-3 fusion_builder_column_1_1 1_1 fusion-one-full fusion-column-first fusion-column-last\" style=\"--awb-bg-size:cover;\"><div class=\"fusion-column-wrapper fusion-flex-column-wrapper-legacy\"><div class=\"fusion-title title fusion-title-4 fusion-sep-none fusion-title-center fusion-title-text fusion-title-size-two\" style=\"--awb-margin-top-small:0px;--awb-margin-right-small:0px;--awb-margin-bottom-small:20px;--awb-margin-left-small:0px;\"><h2 class=\"fusion-title-heading title-heading-center fusion-responsive-typography-calculated\" style=\"margin:0;--fontSize:34;line-height:1.5;\">Elektroinstallationen<\/h2><\/div><div class=\"fusion-sep-clear\"><\/div><div class=\"fusion-separator fusion-full-width-sep\" style=\"margin-left: auto;margin-right: auto;margin-top:20px;width:100%;\"><\/div><div class=\"fusion-sep-clear\"><\/div><div class=\"fusion-text fusion-text-3 awb-text-cols fusion-text-columns-3 fusion-no-small-visibility\" style=\"--awb-columns:3;--awb-column-spacing:2em;--awb-column-min-width:100px;--awb-rule-style:1px solid #b31217;\"><p>Am Anfang von Anaya standen die elektrischen Installationen.<br \/>\nSie sind das Fundament, auf dem jedes Projekt aufgebaut ist.<\/p>\n<ul>\n<li>Niederspannungsanlagen<\/li>\n<li>Mittelspannungsinstallationen<\/li>\n<li>Transformatorstationen und Messungen<\/li>\n<li>Nieder- und Mittelspannungsleitungen<\/li>\n<li>\u00d6ffentliche Beleuchtung<\/li>\n<li>Technische und dekorative Beleuchtung<\/li>\n<li>Erneuerbare Energien<\/li>\n<li>Elektrizit\u00e4tswerke<\/li>\n<li>Elektrische Ladeger\u00e4te f\u00fcr Fahrzeuge<\/li>\n<\/ul>\n<\/div><div class=\"fusion-text fusion-text-4 fusion-no-medium-visibility fusion-no-large-visibility\"><p>Am Anfang von Anaya standen die elektrischen Installationen.<br \/>\nSie sind das Fundament, auf dem jedes Projekt aufgebaut ist.<\/p>\n<ul>\n<li>Niederspannungsanlagen<\/li>\n<li>Mittelspannungsinstallationen<\/li>\n<li>Transformatorstationen und Messungen<\/li>\n<li>Nieder- und Mittelspannungsleitungen<\/li>\n<li>\u00d6ffentliche Beleuchtung<\/li>\n<li>Technische und dekorative Beleuchtung<\/li>\n<li>Erneuerbare Energien<\/li>\n<li>Elektrizit\u00e4tswerke<\/li>\n<li>Elektrische Ladeger\u00e4te f\u00fcr Fahrzeuge<\/li>\n<\/ul>\n<\/div><div class=\"fusion-clearfix\"><\/div><\/div><\/div><\/div><\/div><div class=\"fusion-fullwidth fullwidth-box fusion-builder-row-4 nonhundred-percent-fullwidth non-hundred-percent-height-scrolling\" style=\"--awb-border-radius-top-left:0px;--awb-border-radius-top-right:0px;--awb-border-radius-bottom-right:0px;--awb-border-radius-bottom-left:0px;--awb-flex-wrap:wrap;\" ><div class=\"fusion-builder-row fusion-row\"><div class=\"fusion-layout-column fusion_builder_column fusion-builder-column-4 fusion_builder_column_1_1 1_1 fusion-one-full fusion-column-first fusion-column-last\" style=\"--awb-bg-size:cover;\"><div class=\"fusion-column-wrapper fusion-flex-column-wrapper-legacy\"><div class=\"fusion-sep-clear\"><\/div><div class=\"fusion-separator fusion-full-width-sep\" style=\"margin-left: auto;margin-right: auto;margin-top:30px;width:100%;\"><\/div><div class=\"fusion-sep-clear\"><\/div><div class=\"fusion-clearfix\"><\/div><\/div><\/div><div class=\"fusion-layout-column fusion_builder_column fusion-builder-column-5 fusion_builder_column_1_1 1_1 fusion-one-full fusion-column-first fusion-column-last\" style=\"--awb-bg-size:cover;\"><div class=\"fusion-column-wrapper fusion-flex-column-wrapper-legacy\"><div class=\"fusion-title title fusion-title-5 fusion-sep-none fusion-title-center fusion-title-text fusion-title-size-two\" style=\"--awb-margin-top-small:0px;--awb-margin-right-small:0px;--awb-margin-bottom-small:20px;--awb-margin-left-small:0px;\"><h2 class=\"fusion-title-heading title-heading-center fusion-responsive-typography-calculated\" style=\"margin:0;--fontSize:34;line-height:1.5;\">Spezielle Installationen<\/h2><\/div><div class=\"fusion-sep-clear\"><\/div><div class=\"fusion-separator fusion-full-width-sep\" style=\"margin-left: auto;margin-right: auto;margin-top:20px;width:100%;\"><\/div><div class=\"fusion-sep-clear\"><\/div><div class=\"fusion-text fusion-text-5 awb-text-cols fusion-text-columns-3 fusion-no-small-visibility\" style=\"--awb-columns:3;--awb-column-spacing:2em;--awb-column-min-width:100px;--awb-rule-style:1px solid #b31217;\"><p>Von der einfachsten Installation bis hin zur komplexen, \u00a0Anaya ist ein Vorreiter des technologischen Wandels.<\/p>\n<ul>\n<li>Heimautomatisierung<\/li>\n<li>Computer- und Telefonnetze<\/li>\n<li>TV<\/li>\n<li>CCTV<\/li>\n<li>Eindringungserkennung<\/li>\n<li>Beschallung<\/li>\n<\/ul>\n<\/div><div class=\"fusion-text fusion-text-6 fusion-no-medium-visibility fusion-no-large-visibility\"><p>Von der einfachsten Installation bis hin zur komplexen, \u00a0Anaya ist ein Vorreiter des technologischen Wandels.<\/p>\n<ul>\n<li>Heimautomatisierung<\/li>\n<li>Computer- und Telefonnetze<\/li>\n<li>TV<\/li>\n<li>CCTV<\/li>\n<li>Eindringungserkennung<\/li>\n<li>Beschallung<\/li>\n<\/ul>\n<\/div><div class=\"fusion-clearfix\"><\/div><\/div><\/div><\/div><\/div><div class=\"fusion-fullwidth fullwidth-box fusion-builder-row-5 nonhundred-percent-fullwidth non-hundred-percent-height-scrolling\" style=\"--awb-border-radius-top-left:0px;--awb-border-radius-top-right:0px;--awb-border-radius-bottom-right:0px;--awb-border-radius-bottom-left:0px;--awb-flex-wrap:wrap;\" ><div class=\"fusion-builder-row fusion-row\"><div class=\"fusion-layout-column fusion_builder_column fusion-builder-column-6 fusion_builder_column_1_1 1_1 fusion-one-full fusion-column-first fusion-column-last\" style=\"--awb-bg-size:cover;\"><div class=\"fusion-column-wrapper fusion-flex-column-wrapper-legacy\"><div class=\"fusion-sep-clear\"><\/div><div class=\"fusion-separator fusion-full-width-sep\" style=\"margin-left: auto;margin-right: auto;margin-top:30px;width:100%;\"><\/div><div class=\"fusion-sep-clear\"><\/div><div class=\"fusion-clearfix\"><\/div><\/div><\/div><div class=\"fusion-layout-column fusion_builder_column fusion-builder-column-7 fusion_builder_column_1_1 1_1 fusion-one-full fusion-column-first fusion-column-last\" style=\"--awb-bg-size:cover;\"><div class=\"fusion-column-wrapper fusion-flex-column-wrapper-legacy\"><div class=\"fusion-title title fusion-title-6 fusion-sep-none fusion-title-center fusion-title-text fusion-title-size-two\" style=\"--awb-margin-top-small:0px;--awb-margin-right-small:0px;--awb-margin-bottom-small:20px;--awb-margin-left-small:0px;\"><h2 class=\"fusion-title-heading title-heading-center fusion-responsive-typography-calculated\" style=\"margin:0;--fontSize:34;line-height:1.5;\">Brandbek\u00e4mpfung<\/h2><\/div><div class=\"fusion-sep-clear\"><\/div><div class=\"fusion-separator fusion-full-width-sep\" style=\"margin-left: auto;margin-right: auto;margin-top:20px;width:100%;\"><\/div><div class=\"fusion-sep-clear\"><\/div><div class=\"fusion-text fusion-text-7 awb-text-cols fusion-text-columns-3 fusion-no-small-visibility\" style=\"--awb-columns:3;--awb-column-spacing:2em;--awb-column-min-width:100px;--awb-rule-style:1px solid #b31217;\"><p>Sicherheit hat f\u00fcr jeden unserer Kunden Vorrang und wir von Anaya wissen das. Unsere Abteilung f\u00fcr Brandschutz k\u00fcmmert sich akribisch um jedes Projekt und passt es an die bestehenden Vorschriften des jeweiligen Landes an.<\/p>\n<ul>\n<li>Automatische Brandmeldeanlagen<\/li>\n<li>Feuerl\u00f6schanlagen<\/li>\n<li>Mobile Feuerl\u00f6scher<\/li>\n<li>hydrants<\/li>\n<li>Trockene Spalten<\/li>\n<li>Feuerdruckgruppen<\/li>\n<li>Feuerfeste Beschilderung<\/li>\n<li>Evakuierungspl\u00e4ne<\/li>\n<li>Lautsprecher<\/li>\n<\/ul>\n<\/div><div class=\"fusion-text fusion-text-8 fusion-no-medium-visibility fusion-no-large-visibility\"><p>Sicherheit hat f\u00fcr jeden unserer Kunden Vorrang und wir von Anaya wissen das. Unsere Abteilung f\u00fcr Brandschutz k\u00fcmmert sich akribisch um jedes Projekt und passt es an die bestehenden Vorschriften des jeweiligen Landes an.<\/p>\n<ul>\n<li>Automatische Brandmeldeanlagen<\/li>\n<li>Feuerl\u00f6schanlagen<\/li>\n<li>Mobile Feuerl\u00f6scher<\/li>\n<li>hydrants<\/li>\n<li>Trockene Spalten<\/li>\n<li>Feuerdruckgruppen<\/li>\n<li>Feuerfeste Beschilderung<\/li>\n<li>Evakuierungspl\u00e4ne<\/li>\n<li>Lautsprecher<\/li>\n<\/ul>\n<\/div><div class=\"fusion-clearfix\"><\/div><\/div><\/div><\/div><\/div><div class=\"fusion-fullwidth fullwidth-box fusion-builder-row-6 nonhundred-percent-fullwidth non-hundred-percent-height-scrolling\" style=\"--awb-border-radius-top-left:0px;--awb-border-radius-top-right:0px;--awb-border-radius-bottom-right:0px;--awb-border-radius-bottom-left:0px;--awb-flex-wrap:wrap;\" ><div class=\"fusion-builder-row fusion-row\"><div class=\"fusion-layout-column fusion_builder_column fusion-builder-column-8 fusion_builder_column_1_1 1_1 fusion-one-full fusion-column-first fusion-column-last\" style=\"--awb-bg-size:cover;\"><div class=\"fusion-column-wrapper fusion-flex-column-wrapper-legacy\"><div class=\"fusion-sep-clear\"><\/div><div class=\"fusion-separator fusion-full-width-sep\" style=\"margin-left: auto;margin-right: auto;margin-top:30px;width:100%;\"><\/div><div class=\"fusion-sep-clear\"><\/div><div class=\"fusion-clearfix\"><\/div><\/div><\/div><div class=\"fusion-layout-column fusion_builder_column fusion-builder-column-9 fusion_builder_column_1_1 1_1 fusion-one-full fusion-column-first fusion-column-last\" style=\"--awb-bg-size:cover;\"><div class=\"fusion-column-wrapper fusion-flex-column-wrapper-legacy\"><div class=\"fusion-title title fusion-title-7 fusion-sep-none fusion-title-center fusion-title-text fusion-title-size-two\" style=\"--awb-margin-top-small:0px;--awb-margin-right-small:0px;--awb-margin-bottom-small:20px;--awb-margin-left-small:0px;\"><h2 class=\"fusion-title-heading title-heading-center fusion-responsive-typography-calculated\" style=\"margin:0;--fontSize:34;line-height:1.5;\">Wartung<\/h2><\/div><div class=\"fusion-sep-clear\"><\/div><div class=\"fusion-separator fusion-full-width-sep\" style=\"margin-left: auto;margin-right: auto;margin-top:20px;width:100%;\"><\/div><div class=\"fusion-sep-clear\"><\/div><div class=\"fusion-text fusion-text-9 awb-text-cols fusion-text-columns-3 fusion-no-small-visibility\" style=\"--awb-columns:3;--awb-column-spacing:2em;--awb-column-min-width:100px;--awb-rule-style:1px solid #b31217;\"><p>Unsere Abteilung f\u00fcr Instandhaltung kennt die geltenden Vorschriften f\u00fcr jeden Ort auf der Welt, an dem wir arbeiten, wir k\u00fcmmern uns um den guten Zustand unserer Anlagen.<\/p>\n<ul>\n<li>Kleinspannung<\/li>\n<li>Transformatorenstationen<\/li>\n<li>Verteilerzeilen<\/li>\n<li>Brandschutz<\/li>\n<\/ul>\n<\/div><div class=\"fusion-text fusion-text-10 fusion-no-medium-visibility fusion-no-large-visibility\"><p>Unsere Abteilung f\u00fcr Instandhaltung kennt die geltenden Vorschriften f\u00fcr jeden Ort auf der Welt, an dem wir arbeiten, wir k\u00fcmmern uns um den guten Zustand unserer Anlagen.<\/p>\n<ul>\n<li>Kleinspannung<\/li>\n<li>Transformatorenstationen<\/li>\n<li>Verteilerzeilen<\/li>\n<li>Brandschutz<\/li>\n<\/ul>\n<\/div><div class=\"fusion-clearfix\"><\/div><\/div><\/div><\/div><\/div><\/p>\n","protected":false},"excerpt":{"rendered":"","protected":false},"author":1,"featured_media":0,"parent":0,"menu_order":50,"comment_status":"closed","ping_status":"closed","template":"100-width.php","meta":{"footnotes":""},"class_list":["post-962","page","type-page","status-publish","hentry"],"_links":{"self":[{"href":"https:\/\/www.montajeselectricosanaya.com\/de\/wp-json\/wp\/v2\/pages\/962","targetHints":{"allow":["GET"]}}],"collection":[{"href":"https:\/\/www.montajeselectricosanaya.com\/de\/wp-json\/wp\/v2\/pages"}],"about":[{"href":"https:\/\/www.montajeselectricosanaya.com\/de\/wp-json\/wp\/v2\/types\/page"}],"author":[{"embeddable":true,"href":"https:\/\/www.montajeselectricosanaya.com\/de\/wp-json\/wp\/v2\/users\/1"}],"replies":[{"embeddable":true,"href":"https:\/\/www.montajeselectricosanaya.com\/de\/wp-json\/wp\/v2\/comments?post=962"}],"version-history":[{"count":0,"href":"https:\/\/www.montajeselectricosanaya.com\/de\/wp-json\/wp\/v2\/pages\/962\/revisions"}],"wp:attachment":[{"href":"https:\/\/www.montajeselectricosanaya.com\/de\/wp-json\/wp\/v2\/media?parent=962"}],"curies":[{"name":"wp","href":"https:\/\/api.w.org\/{rel}","templated":true}]}}