{"id":955,"date":"2018-11-17T12:11:13","date_gmt":"2018-11-17T11:11:13","guid":{"rendered":"https:\/\/www.montajeselectricosanaya.com\/wer-wir-sind\/geschichte\/"},"modified":"2018-11-17T14:27:27","modified_gmt":"2018-11-17T13:27:27","slug":"geschichte","status":"publish","type":"page","link":"https:\/\/www.montajeselectricosanaya.com\/de\/wer-wir-sind\/geschichte\/","title":{"rendered":"Geschichte"},"content":{"rendered":"<p><div class=\"fusion-fullwidth fullwidth-box fusion-builder-row-1 fusion-parallax-none nonhundred-percent-fullwidth non-hundred-percent-height-scrolling\" style=\"--awb-border-radius-top-left:0px;--awb-border-radius-top-right:0px;--awb-border-radius-bottom-right:0px;--awb-border-radius-bottom-left:0px;--awb-padding-top:250px;--awb-margin-top:0px;--awb-margin-bottom:0px;--awb-background-image:url(&quot;https:\/\/www.montajeselectricosanaya.com\/wp-content\/uploads\/2018\/10\/historia.jpg&quot;);--awb-background-size:cover;--awb-flex-wrap:wrap;\" ><div class=\"fusion-builder-row fusion-row\"><div class=\"fusion-layout-column fusion_builder_column fusion-builder-column-0 fusion_builder_column_1_1 1_1 fusion-one-full fusion-column-first fusion-column-last\" style=\"--awb-bg-size:cover;--awb-margin-bottom:0px;\"><div class=\"fusion-column-wrapper fusion-flex-column-wrapper-legacy\"><div class=\"fusion-section-separator section-separator big-half-circle fusion-section-separator-1\" style=\"--awb-spacer-height:99px;--awb-svg-margin-left:0;--awb-svg-margin-right:0;--awb-divider-height:99px;--awb-spacer-padding-top:inherit;--awb-sep-padding:0;--awb-svg-padding:0;\"><div class=\"fusion-section-separator-svg\"><svg class=\"fusion-big-half-circle-candy\" xmlns=\"http:\/\/www.w3.org\/2000\/svg\" version=\"1.1\" width=\"100%\" height=\"100\" viewBox=\"0 0 100 100\" preserveAspectRatio=\"none\" fill=\"rgba(255,255,255,1)\"><path d=\"M0 100 C40 0 60 0 100 100 Z\"><\/path><\/svg><\/div><div class=\"fusion-section-separator-spacer\"><div class=\"fusion-section-separator-spacer-height\"><\/div><\/div><\/div><div class=\"fusion-clearfix\"><\/div><\/div><\/div><\/div><\/div><div class=\"fusion-fullwidth fullwidth-box fusion-builder-row-2 nonhundred-percent-fullwidth non-hundred-percent-height-scrolling\" style=\"--awb-border-radius-top-left:0px;--awb-border-radius-top-right:0px;--awb-border-radius-bottom-right:0px;--awb-border-radius-bottom-left:0px;--awb-flex-wrap:wrap;\" ><div class=\"fusion-builder-row fusion-row\"><div class=\"fusion-layout-column fusion_builder_column fusion-builder-column-1 fusion_builder_column_1_1 1_1 fusion-one-full fusion-column-first fusion-column-last\" style=\"--awb-bg-size:cover;\"><div class=\"fusion-column-wrapper fusion-flex-column-wrapper-legacy\"><div class=\"fusion-title title fusion-title-1 fusion-sep-none fusion-title-center fusion-title-text fusion-title-size-one\" style=\"--awb-margin-bottom:15px;--awb-margin-top-small:0px;--awb-margin-right-small:0px;--awb-margin-bottom-small:20px;--awb-margin-left-small:0px;--awb-sep-color:#ffffff;\"><h1 class=\"fusion-title-heading title-heading-center fusion-responsive-typography-calculated\" style=\"margin:0;--fontSize:60;line-height:1.4;\"><span style=\"color: #b31217; font-size: 64px;\">Geschichte<\/span><\/h1><\/div><div class=\"fusion-sep-clear\"><\/div><div class=\"fusion-separator\" style=\"margin-left: auto;margin-right: auto;margin-bottom:15px;width:100%;max-width:30%;\"><div class=\"fusion-separator-border sep-single sep-solid\" style=\"--awb-height:20px;--awb-amount:20px;--awb-sep-color:#b31217;border-color:#b31217;border-top-width:2px;\"><\/div><\/div><div class=\"fusion-sep-clear\"><\/div><div class=\"fusion-title title fusion-title-2 fusion-sep-none fusion-title-center fusion-title-text fusion-title-size-two\" style=\"--awb-margin-top-small:0px;--awb-margin-right-small:0px;--awb-margin-bottom-small:20px;--awb-margin-left-small:0px;\"><h2 class=\"fusion-title-heading title-heading-center fusion-responsive-typography-calculated\" style=\"margin:0;--fontSize:34;line-height:1.5;\"><span style=\"color: #b31217;\">seit 1991 f\u00fcr Sie da<\/span><\/h2><\/div><div class=\"fusion-sep-clear\"><\/div><div class=\"fusion-separator fusion-full-width-sep\" style=\"margin-left: auto;margin-right: auto;margin-top:30px;width:100%;\"><\/div><div class=\"fusion-sep-clear\"><\/div><div class=\"fusion-text fusion-text-1 awb-text-cols fusion-text-columns-3 fusion-no-small-visibility\" style=\"--awb-columns:3;--awb-column-spacing:2em;--awb-column-min-width:100px;--awb-rule-style:1px solid #b31217;\"><p>Von Montajes El\u00e9ctricos Anaya S.L. zu sprechen, bedeutet zweifellos, von dem Gr\u00fcnders und heutigen Gesch\u00e4ftsf\u00fchrers selbst zu sprechen: Don Pedro Anaya.<\/p>\n<p>Ohne seinen Ehrgeiz, seine Aufopferung und seine Leidenschaft f\u00fcr gute Arbeit, h\u00e4tte dieses Familienunternehmen nicht zu der Referenz \u00a0werden k\u00f6nnen, die es heute in der Welt der Elektrizit\u00e4t ist.<\/p>\n<p>Unerm\u00fcdlich arbeitend und enorm anspruchsvoll, entschied er sich vor vielen Jahren, einen eigenen Weg zu gehen, nachdem er diesen Beruf lange Zeit als Angestellter, verantwortlich f\u00fcr kontrastierende Elektrounternehmen, ausge\u00fcbt hatte.<\/p>\n<p>Die berufliche Laufbahn von Montajes El\u00e9ctricos Anaya, S.L. geht auf das Jahr 1990 zur\u00fcck, als nur zwei Mitarbeiter besch\u00e4ftigt waren. Heute dagegen besteht unser Team aus mehr als 100 Fachleuten in \u00fcber 20 Regionen der Welt.<\/p>\n<p>Die Qualit\u00e4t unserer Arbeit beruht auf der \u00dcberzeugung, dass alle unsere Kunden in direktem Kontakt mit der Unternehmensleitung stehen; unsere oberste Priorit\u00e4t ist die pers\u00f6nliche Betreuung, die wir ihnen allen in jedem Projekt, das wir durchf\u00fchren, anbieten. Das ist zweifellos ein Merkmal, das uns von anderen Unternehmen unterscheidet und auf das wir besonders stolz sind.<\/p>\n<p>Montajes El\u00e9ctricos Anaya, S.L. ist in den letzten Jahren stark gewachsen und inzwischen arbeiten der Sohn Pedro und die Tochter Isabel mit der gleichen Arbeitsphilosophie an seiner Seite des Gr\u00fcnders, wobei immer der direkte Kontakt zum Kunden und die Aufrechterhaltung des Konzepts des Familienunternehmens im Vordergrund stehen.<\/p>\n<p>Wie Herr Anaya immer sagte: &#8222;Wir tun das, weil wir diese Arbeit lieben&#8220;, und bei genauerem Hinsehen k\u00f6nnen wir uns keinen Satz vorstellen, \u00a0der die Motivation von allen, die in diesem Unternehmen mitarbeiten, am besten wieder spiegelt.<\/p>\n<p><strong>Wir lieben, was wir tun <\/strong><\/p>\n<\/div><div class=\"fusion-text fusion-text-2 fusion-no-medium-visibility fusion-no-large-visibility\"><p>Von Montajes El\u00e9ctricos Anaya S.L. zu sprechen, bedeutet zweifellos, von dem Gr\u00fcnders und heutigen Gesch\u00e4ftsf\u00fchrers selbst zu sprechen: Don Pedro Anaya.<\/p>\n<p>Ohne seinen Ehrgeiz, seine Aufopferung und seine Leidenschaft f\u00fcr gute Arbeit, h\u00e4tte dieses Familienunternehmen nicht zu der Referenz \u00a0werden k\u00f6nnen, die es heute in der Welt der Elektrizit\u00e4t ist.<\/p>\n<p>Unerm\u00fcdlich arbeitend und enorm anspruchsvoll, entschied er sich vor vielen Jahren, einen eigenen Weg zu gehen, nachdem er diesen Beruf lange Zeit als Angestellter, verantwortlich f\u00fcr kontrastierende Elektrounternehmen, ausge\u00fcbt hatte.<\/p>\n<p>Die berufliche Laufbahn von Montajes El\u00e9ctricos Anaya, S.L. geht auf das Jahr 1990 zur\u00fcck, als nur zwei Mitarbeiter besch\u00e4ftigt waren. Heute dagegen besteht unser Team aus mehr als 100 Fachleuten in \u00fcber 20 Regionen der Welt.<\/p>\n<p>Die Qualit\u00e4t unserer Arbeit beruht auf der \u00dcberzeugung, dass alle unsere Kunden in direktem Kontakt mit der Unternehmensleitung stehen; unsere oberste Priorit\u00e4t ist die pers\u00f6nliche Betreuung, die wir ihnen allen in jedem Projekt, das wir durchf\u00fchren, anbieten. Das ist zweifellos ein Merkmal, das uns von anderen Unternehmen unterscheidet und auf das wir besonders stolz sind.<\/p>\n<p>Montajes El\u00e9ctricos Anaya, S.L. ist in den letzten Jahren stark gewachsen und inzwischen arbeiten der Sohn Pedro und die Tochter Isabel mit der gleichen Arbeitsphilosophie an seiner Seite des Gr\u00fcnders, wobei immer der direkte Kontakt zum Kunden und die Aufrechterhaltung des Konzepts des Familienunternehmens im Vordergrund stehen.<\/p>\n<p>Wie Herr Anaya immer sagte: &#8222;Wir tun das, weil wir diese Arbeit lieben&#8220;, und bei genauerem Hinsehen k\u00f6nnen wir uns keinen Satz vorstellen, \u00a0der die Motivation von allen, die in diesem Unternehmen mitarbeiten, am besten wieder spiegelt.<\/p>\n<p><strong>Wir lieben, was wir tun <\/strong><\/p>\n<\/div><div class=\"fusion-sep-clear\"><\/div><div class=\"fusion-separator fusion-full-width-sep\" style=\"margin-left: auto;margin-right: auto;margin-top:60px;width:100%;\"><\/div><div class=\"fusion-sep-clear\"><\/div><div class=\"fusion-image-carousel fusion-image-carousel-auto fusion-image-carousel-1 lightbox-enabled fusion-carousel-border\"><div class=\"awb-carousel awb-swiper awb-swiper-carousel awb-carousel--carousel awb-swiper-dots-position-bottom\" data-layout=\"carousel\" data-autoplay=\"no\" data-autoplayspeed=\"2500\" data-autoplaypause=\"no\" data-columns=\"5\" data-columnsmedium=\"1\" data-columnssmall=\"1\" data-itemmargin=\"5\" data-itemwidth=\"180\" data-touchscroll=\"no\" data-freemode=\"no\" data-imagesize=\"auto\" data-scrollitems=\"0\" data-centeredslides=\"no\" data-rotationangle=\"50\" data-depth=\"100\" data-speed=\"500\" data-shadow=\"no\" data-pagination=\"bullets\" style=\"--awb-column-spacing:5px;--awb-border-width:1px;--awb-border-color:#e9eaee;\"><div class=\"swiper-wrapper awb-image-carousel-wrapper fusion-flex-align-items-center\"><div class=\"swiper-slide\"><div class=\"fusion-carousel-item-wrapper\"><div class=\"fusion-image-wrapper hover-type-zoomin\"><a data-rel=\"iLightbox[image_carousel_1]\" data-title=\"IMG_3540\" aria-label=\"IMG_3540\" href=\"https:\/\/www.montajeselectricosanaya.com\/wp-content\/uploads\/2018\/07\/IMG_3540.jpg\" target=\"_self\"><img decoding=\"async\" width=\"1400\" height=\"933\" src=\"https:\/\/www.montajeselectricosanaya.com\/wp-content\/uploads\/2018\/07\/IMG_3540.jpg\" class=\"attachment-full size-full\" alt=\"\" srcset=\"https:\/\/www.montajeselectricosanaya.com\/wp-content\/uploads\/2018\/07\/IMG_3540-200x133.jpg 200w, https:\/\/www.montajeselectricosanaya.com\/wp-content\/uploads\/2018\/07\/IMG_3540-400x267.jpg 400w, https:\/\/www.montajeselectricosanaya.com\/wp-content\/uploads\/2018\/07\/IMG_3540-600x400.jpg 600w, https:\/\/www.montajeselectricosanaya.com\/wp-content\/uploads\/2018\/07\/IMG_3540-800x533.jpg 800w, https:\/\/www.montajeselectricosanaya.com\/wp-content\/uploads\/2018\/07\/IMG_3540-1200x800.jpg 1200w, https:\/\/www.montajeselectricosanaya.com\/wp-content\/uploads\/2018\/07\/IMG_3540.jpg 1400w\" sizes=\"(min-width: 2200px) 100vw, (min-width: 928px) 216px, (min-width: 856px) 270px, (min-width: 784px) 360px, (min-width: 712px) 540px, (min-width: 640px) 712px, \" \/><\/a><\/div><\/div><\/div><div class=\"swiper-slide\"><div class=\"fusion-carousel-item-wrapper\"><div class=\"fusion-image-wrapper hover-type-zoomin\"><a data-rel=\"iLightbox[image_carousel_1]\" data-title=\"IMG_3541\" aria-label=\"IMG_3541\" href=\"https:\/\/www.montajeselectricosanaya.com\/wp-content\/uploads\/2018\/07\/IMG_3541.jpg\" target=\"_self\"><img decoding=\"async\" width=\"1400\" height=\"933\" src=\"https:\/\/www.montajeselectricosanaya.com\/wp-content\/uploads\/2018\/07\/IMG_3541.jpg\" class=\"attachment-full size-full\" alt=\"\" srcset=\"https:\/\/www.montajeselectricosanaya.com\/wp-content\/uploads\/2018\/07\/IMG_3541-200x133.jpg 200w, https:\/\/www.montajeselectricosanaya.com\/wp-content\/uploads\/2018\/07\/IMG_3541-400x267.jpg 400w, https:\/\/www.montajeselectricosanaya.com\/wp-content\/uploads\/2018\/07\/IMG_3541-600x400.jpg 600w, https:\/\/www.montajeselectricosanaya.com\/wp-content\/uploads\/2018\/07\/IMG_3541-800x533.jpg 800w, https:\/\/www.montajeselectricosanaya.com\/wp-content\/uploads\/2018\/07\/IMG_3541-1200x800.jpg 1200w, https:\/\/www.montajeselectricosanaya.com\/wp-content\/uploads\/2018\/07\/IMG_3541.jpg 1400w\" sizes=\"(min-width: 2200px) 100vw, (min-width: 928px) 216px, (min-width: 856px) 270px, (min-width: 784px) 360px, (min-width: 712px) 540px, (min-width: 640px) 712px, \" \/><\/a><\/div><\/div><\/div><div class=\"swiper-slide\"><div class=\"fusion-carousel-item-wrapper\"><div class=\"fusion-image-wrapper hover-type-zoomin\"><a data-rel=\"iLightbox[image_carousel_1]\" data-title=\"IMG_3542\" aria-label=\"IMG_3542\" href=\"https:\/\/www.montajeselectricosanaya.com\/wp-content\/uploads\/2018\/07\/IMG_3542.jpg\" target=\"_self\"><img decoding=\"async\" width=\"1400\" height=\"933\" src=\"https:\/\/www.montajeselectricosanaya.com\/wp-content\/uploads\/2018\/07\/IMG_3542.jpg\" class=\"attachment-full size-full\" alt=\"\" srcset=\"https:\/\/www.montajeselectricosanaya.com\/wp-content\/uploads\/2018\/07\/IMG_3542-200x133.jpg 200w, https:\/\/www.montajeselectricosanaya.com\/wp-content\/uploads\/2018\/07\/IMG_3542-400x267.jpg 400w, https:\/\/www.montajeselectricosanaya.com\/wp-content\/uploads\/2018\/07\/IMG_3542-600x400.jpg 600w, https:\/\/www.montajeselectricosanaya.com\/wp-content\/uploads\/2018\/07\/IMG_3542-800x533.jpg 800w, https:\/\/www.montajeselectricosanaya.com\/wp-content\/uploads\/2018\/07\/IMG_3542-1200x800.jpg 1200w, https:\/\/www.montajeselectricosanaya.com\/wp-content\/uploads\/2018\/07\/IMG_3542.jpg 1400w\" sizes=\"(min-width: 2200px) 100vw, (min-width: 928px) 216px, (min-width: 856px) 270px, (min-width: 784px) 360px, (min-width: 712px) 540px, (min-width: 640px) 712px, \" \/><\/a><\/div><\/div><\/div><div class=\"swiper-slide\"><div class=\"fusion-carousel-item-wrapper\"><div class=\"fusion-image-wrapper hover-type-zoomin\"><a data-rel=\"iLightbox[image_carousel_1]\" data-title=\"IMG_3563\" aria-label=\"IMG_3563\" href=\"https:\/\/www.montajeselectricosanaya.com\/wp-content\/uploads\/2018\/07\/IMG_3563.jpg\" target=\"_self\"><img decoding=\"async\" width=\"1400\" height=\"933\" src=\"https:\/\/www.montajeselectricosanaya.com\/wp-content\/uploads\/2018\/07\/IMG_3563.jpg\" class=\"attachment-full size-full\" alt=\"\" srcset=\"https:\/\/www.montajeselectricosanaya.com\/wp-content\/uploads\/2018\/07\/IMG_3563-200x133.jpg 200w, https:\/\/www.montajeselectricosanaya.com\/wp-content\/uploads\/2018\/07\/IMG_3563-400x267.jpg 400w, https:\/\/www.montajeselectricosanaya.com\/wp-content\/uploads\/2018\/07\/IMG_3563-600x400.jpg 600w, https:\/\/www.montajeselectricosanaya.com\/wp-content\/uploads\/2018\/07\/IMG_3563-800x533.jpg 800w, https:\/\/www.montajeselectricosanaya.com\/wp-content\/uploads\/2018\/07\/IMG_3563-1200x800.jpg 1200w, https:\/\/www.montajeselectricosanaya.com\/wp-content\/uploads\/2018\/07\/IMG_3563.jpg 1400w\" sizes=\"(min-width: 2200px) 100vw, (min-width: 928px) 216px, (min-width: 856px) 270px, (min-width: 784px) 360px, (min-width: 712px) 540px, (min-width: 640px) 712px, \" \/><\/a><\/div><\/div><\/div><div class=\"swiper-slide\"><div class=\"fusion-carousel-item-wrapper\"><div class=\"fusion-image-wrapper hover-type-zoomin\"><a data-rel=\"iLightbox[image_carousel_1]\" data-title=\"D800_181011_062\" aria-label=\"D800_181011_062\" href=\"https:\/\/www.montajeselectricosanaya.com\/wp-content\/uploads\/2018\/10\/D800_181011_062.jpg\" target=\"_self\"><img decoding=\"async\" width=\"1200\" height=\"801\" src=\"https:\/\/www.montajeselectricosanaya.com\/wp-content\/uploads\/2018\/10\/D800_181011_062.jpg\" class=\"attachment-full size-full\" alt=\"\" srcset=\"https:\/\/www.montajeselectricosanaya.com\/wp-content\/uploads\/2018\/10\/D800_181011_062-200x134.jpg 200w, https:\/\/www.montajeselectricosanaya.com\/wp-content\/uploads\/2018\/10\/D800_181011_062-400x267.jpg 400w, https:\/\/www.montajeselectricosanaya.com\/wp-content\/uploads\/2018\/10\/D800_181011_062-600x401.jpg 600w, https:\/\/www.montajeselectricosanaya.com\/wp-content\/uploads\/2018\/10\/D800_181011_062-800x534.jpg 800w, https:\/\/www.montajeselectricosanaya.com\/wp-content\/uploads\/2018\/10\/D800_181011_062.jpg 1200w\" sizes=\"(min-width: 2200px) 100vw, (min-width: 928px) 216px, (min-width: 856px) 270px, (min-width: 784px) 360px, (min-width: 712px) 540px, (min-width: 640px) 712px, \" \/><\/a><\/div><\/div><\/div><div class=\"swiper-slide\"><div class=\"fusion-carousel-item-wrapper\"><div class=\"fusion-image-wrapper hover-type-zoomin\"><a data-rel=\"iLightbox[image_carousel_1]\" data-title=\"D800_181011_367\" aria-label=\"D800_181011_367\" href=\"https:\/\/www.montajeselectricosanaya.com\/wp-content\/uploads\/2018\/10\/D800_181011_367.jpg\" target=\"_self\"><img decoding=\"async\" width=\"1200\" height=\"801\" src=\"https:\/\/www.montajeselectricosanaya.com\/wp-content\/uploads\/2018\/10\/D800_181011_367.jpg\" class=\"attachment-full size-full\" alt=\"\" srcset=\"https:\/\/www.montajeselectricosanaya.com\/wp-content\/uploads\/2018\/10\/D800_181011_367-200x134.jpg 200w, https:\/\/www.montajeselectricosanaya.com\/wp-content\/uploads\/2018\/10\/D800_181011_367-400x267.jpg 400w, https:\/\/www.montajeselectricosanaya.com\/wp-content\/uploads\/2018\/10\/D800_181011_367-600x401.jpg 600w, https:\/\/www.montajeselectricosanaya.com\/wp-content\/uploads\/2018\/10\/D800_181011_367-800x534.jpg 800w, https:\/\/www.montajeselectricosanaya.com\/wp-content\/uploads\/2018\/10\/D800_181011_367.jpg 1200w\" sizes=\"(min-width: 2200px) 100vw, (min-width: 928px) 216px, (min-width: 856px) 270px, (min-width: 784px) 360px, (min-width: 712px) 540px, (min-width: 640px) 712px, \" \/><\/a><\/div><\/div><\/div><div class=\"swiper-slide\"><div class=\"fusion-carousel-item-wrapper\"><div class=\"fusion-image-wrapper hover-type-zoomin\"><a data-rel=\"iLightbox[image_carousel_1]\" data-title=\"D800_181011_121\" aria-label=\"D800_181011_121\" href=\"https:\/\/www.montajeselectricosanaya.com\/wp-content\/uploads\/2018\/10\/D800_181011_121.jpg\" target=\"_self\"><img decoding=\"async\" width=\"1200\" height=\"801\" src=\"https:\/\/www.montajeselectricosanaya.com\/wp-content\/uploads\/2018\/10\/D800_181011_121.jpg\" class=\"attachment-full size-full\" alt=\"\" srcset=\"https:\/\/www.montajeselectricosanaya.com\/wp-content\/uploads\/2018\/10\/D800_181011_121-200x134.jpg 200w, https:\/\/www.montajeselectricosanaya.com\/wp-content\/uploads\/2018\/10\/D800_181011_121-400x267.jpg 400w, https:\/\/www.montajeselectricosanaya.com\/wp-content\/uploads\/2018\/10\/D800_181011_121-600x401.jpg 600w, https:\/\/www.montajeselectricosanaya.com\/wp-content\/uploads\/2018\/10\/D800_181011_121-800x534.jpg 800w, https:\/\/www.montajeselectricosanaya.com\/wp-content\/uploads\/2018\/10\/D800_181011_121.jpg 1200w\" sizes=\"(min-width: 2200px) 100vw, (min-width: 928px) 216px, (min-width: 856px) 270px, (min-width: 784px) 360px, (min-width: 712px) 540px, (min-width: 640px) 712px, \" \/><\/a><\/div><\/div><\/div><\/div><div class=\"awb-swiper-button awb-swiper-button-prev\"><i class=\"awb-icon-angle-left\" aria-hidden=\"true\"><\/i><\/div><div class=\"awb-swiper-button awb-swiper-button-next\"><i class=\"awb-icon-angle-right\" aria-hidden=\"true\"><\/i><\/div><\/div><\/div><div class=\"fusion-clearfix\"><\/div><\/div><\/div><\/div><\/div><\/p>\n","protected":false},"excerpt":{"rendered":"","protected":false},"author":1,"featured_media":0,"parent":953,"menu_order":0,"comment_status":"closed","ping_status":"closed","template":"100-width.php","meta":{"footnotes":""},"class_list":["post-955","page","type-page","status-publish","hentry"],"_links":{"self":[{"href":"https:\/\/www.montajeselectricosanaya.com\/de\/wp-json\/wp\/v2\/pages\/955","targetHints":{"allow":["GET"]}}],"collection":[{"href":"https:\/\/www.montajeselectricosanaya.com\/de\/wp-json\/wp\/v2\/pages"}],"about":[{"href":"https:\/\/www.montajeselectricosanaya.com\/de\/wp-json\/wp\/v2\/types\/page"}],"author":[{"embeddable":true,"href":"https:\/\/www.montajeselectricosanaya.com\/de\/wp-json\/wp\/v2\/users\/1"}],"replies":[{"embeddable":true,"href":"https:\/\/www.montajeselectricosanaya.com\/de\/wp-json\/wp\/v2\/comments?post=955"}],"version-history":[{"count":0,"href":"https:\/\/www.montajeselectricosanaya.com\/de\/wp-json\/wp\/v2\/pages\/955\/revisions"}],"up":[{"embeddable":true,"href":"https:\/\/www.montajeselectricosanaya.com\/de\/wp-json\/wp\/v2\/pages\/953"}],"wp:attachment":[{"href":"https:\/\/www.montajeselectricosanaya.com\/de\/wp-json\/wp\/v2\/media?parent=955"}],"curies":[{"name":"wp","href":"https:\/\/api.w.org\/{rel}","templated":true}]}}