{"id":1325,"date":"2020-01-08T21:34:20","date_gmt":"2020-01-08T20:34:20","guid":{"rendered":"https:\/\/www.montajeselectricosanaya.com\/qualitaetspolitik\/"},"modified":"2020-01-08T21:34:21","modified_gmt":"2020-01-08T20:34:21","slug":"qualitaetspolitik","status":"publish","type":"page","link":"https:\/\/www.montajeselectricosanaya.com\/de\/qualitaetspolitik\/","title":{"rendered":"Qualit\u00e4tspolitik"},"content":{"rendered":"<p><div class=\"fusion-fullwidth fullwidth-box fusion-builder-row-1 fusion-parallax-none nonhundred-percent-fullwidth non-hundred-percent-height-scrolling\" style=\"--awb-background-position:center bottom;--awb-border-radius-top-left:0px;--awb-border-radius-top-right:0px;--awb-border-radius-bottom-right:0px;--awb-border-radius-bottom-left:0px;--awb-padding-top:250px;--awb-margin-top:0px;--awb-margin-bottom:0px;--awb-background-image:url(&quot;https:\/\/www.montajeselectricosanaya.com\/wp-content\/uploads\/2020\/01\/politica_calidad.jpg&quot;);--awb-background-size:cover;--awb-flex-wrap:wrap;\" ><div class=\"fusion-builder-row fusion-row\"><div class=\"fusion-layout-column fusion_builder_column fusion-builder-column-0 fusion_builder_column_1_1 1_1 fusion-one-full fusion-column-first fusion-column-last\" style=\"--awb-bg-size:cover;--awb-margin-bottom:0px;\"><div class=\"fusion-column-wrapper fusion-flex-column-wrapper-legacy\"><div class=\"fusion-section-separator section-separator big-half-circle fusion-section-separator-1\" style=\"--awb-spacer-height:99px;--awb-svg-margin-left:0;--awb-svg-margin-right:0;--awb-divider-height:99px;--awb-spacer-padding-top:inherit;--awb-sep-padding:0;--awb-svg-padding:0;\"><div class=\"fusion-section-separator-svg\"><svg class=\"fusion-big-half-circle-candy\" xmlns=\"http:\/\/www.w3.org\/2000\/svg\" version=\"1.1\" width=\"100%\" height=\"100\" viewBox=\"0 0 100 100\" preserveAspectRatio=\"none\" fill=\"rgba(255,255,255,1)\"><path d=\"M0 100 C40 0 60 0 100 100 Z\"><\/path><\/svg><\/div><div class=\"fusion-section-separator-spacer\"><div class=\"fusion-section-separator-spacer-height\"><\/div><\/div><\/div><div class=\"fusion-clearfix\"><\/div><\/div><\/div><\/div><\/div><div class=\"fusion-fullwidth fullwidth-box fusion-builder-row-2 nonhundred-percent-fullwidth non-hundred-percent-height-scrolling\" style=\"--awb-border-radius-top-left:0px;--awb-border-radius-top-right:0px;--awb-border-radius-bottom-right:0px;--awb-border-radius-bottom-left:0px;--awb-flex-wrap:wrap;\" ><div class=\"fusion-builder-row fusion-row\"><div class=\"fusion-layout-column fusion_builder_column fusion-builder-column-1 fusion_builder_column_1_1 1_1 fusion-one-full fusion-column-first fusion-column-last\" style=\"--awb-bg-size:cover;--awb-margin-bottom:0px;\"><div class=\"fusion-column-wrapper fusion-flex-column-wrapper-legacy\"><div class=\"fusion-title title fusion-title-1 fusion-sep-none fusion-title-center fusion-title-text fusion-title-size-one\" style=\"--awb-margin-bottom:15px;--awb-margin-top-small:0px;--awb-margin-right-small:0px;--awb-margin-bottom-small:20px;--awb-margin-left-small:0px;--awb-sep-color:#ffffff;\"><h1 class=\"fusion-title-heading title-heading-center fusion-responsive-typography-calculated\" style=\"margin:0;--fontSize:60;line-height:1.4;\"><span style=\"color: #b31217; font-size: 64px;\">Qualit\u00e4tspolitik<\/span><\/h1><\/div><div class=\"fusion-sep-clear\"><\/div><div class=\"fusion-separator\" style=\"margin-left: auto;margin-right: auto;margin-bottom:15px;width:100%;max-width:30%;\"><div class=\"fusion-separator-border sep-single sep-solid\" style=\"--awb-height:20px;--awb-amount:20px;--awb-sep-color:#b31217;border-color:#b31217;border-top-width:2px;\"><\/div><\/div><div class=\"fusion-sep-clear\"><\/div><div class=\"fusion-title title fusion-title-2 fusion-sep-none fusion-title-center fusion-title-text fusion-title-size-two\" style=\"--awb-margin-top-small:0px;--awb-margin-right-small:0px;--awb-margin-bottom-small:20px;--awb-margin-left-small:0px;\"><h2 class=\"fusion-title-heading title-heading-center fusion-responsive-typography-calculated\" style=\"margin:0;--fontSize:34;line-height:1.5;\"><span style=\"color: #b31217;\">von MONTAJES ELECTRICOS ANAYA, S.L.<\/span><\/h2><\/div><div class=\"fusion-text fusion-text-1\"><p>Das Management von MONTAJES ELECTRICOS ANAYA, das sich der Installation und Wartung von Feuerl\u00f6schsystemen widmet, \u00fcbernimmt die Verpflichtung und F\u00fchrung f\u00fcr die Implementierung, Wartung und Verbesserung des Managementsystems der Organisation und erkl\u00e4rt daher seine Verpflichtung:<\/p>\n<p style=\"padding-left: 40px;\"><u>Erf\u00fcllung aller Anforderungen<\/u>, die im Managementsystem, in den f\u00fcr die Organisation geltenden Rechtsvorschriften und in denjenigen, denen sie sich freiwillig unterwirft, festgelegt sind.<\/p>\n<p style=\"padding-left: 40px;\"><u>Die kontinuierliche Verbesserung<\/u> der Effizienz des Managementsystems.<\/p>\n<p>Zu diesem Zweck werden die folgenden ALLGEMEINEN ZIELE der Organisation festgelegt:<\/p>\n<p style=\"padding-left: 40px;\">Das Hauptziel von MONTAJES EL\u00c9CTRICOS ANAYA, S.L. ist es, die Bed\u00fcrfnisse jedes Kunden zu studieren und das System anzubieten, das am besten zu seiner Installation passt, um immer den besten Service und die h\u00f6chste Qualit\u00e4t zu bieten, mit dem Ziel, die strengsten Kriterien der Brandrisikovorschriften zu erf\u00fcllen.<\/p>\n<p style=\"padding-left: 40px;\">Die volle Befriedigung der expliziten und impliziten Kundenbed\u00fcrfnisse durch eine pers\u00f6nliche Behandlung und eine kontinuierliche Aufmerksamkeit zu erreichen, die Zusammenarbeit bei neuen Projekten, die Abstimmung der Installationen mit dem Planer, die Durchf\u00fchrung einer pers\u00f6nlichen Studie aller Details nach den Bed\u00fcrfnissen des Kunden, die Beratung, immer, die am besten geeignete L\u00f6sung und die zu realisierende Installation.<\/p>\n<p style=\"padding-left: 40px;\">Die kontinuierliche Verbesserung der Leistung der Prozesse und der Eignung der von der Organisation erbrachten Dienstleistungen.<\/p>\n<p style=\"padding-left: 40px;\">Die Zusammenarbeit mit den Lieferanten und Mitarbeitern der Organisation zu f\u00f6rdern, mit dem Ziel, dass diese sich der Arbeitsphilosophie von MONTAJES EL\u00c9CTRICOS ANAYA, S.L. anpassen, da sie uns gegen\u00fcber dem Kunden vertreten.<\/p>\n<\/div><div class=\"fusion-clearfix\"><\/div><\/div><\/div><\/div><\/div><\/p>\n","protected":false},"excerpt":{"rendered":"","protected":false},"author":1,"featured_media":0,"parent":0,"menu_order":91,"comment_status":"closed","ping_status":"closed","template":"100-width.php","meta":{"footnotes":""},"class_list":["post-1325","page","type-page","status-publish","hentry"],"_links":{"self":[{"href":"https:\/\/www.montajeselectricosanaya.com\/de\/wp-json\/wp\/v2\/pages\/1325","targetHints":{"allow":["GET"]}}],"collection":[{"href":"https:\/\/www.montajeselectricosanaya.com\/de\/wp-json\/wp\/v2\/pages"}],"about":[{"href":"https:\/\/www.montajeselectricosanaya.com\/de\/wp-json\/wp\/v2\/types\/page"}],"author":[{"embeddable":true,"href":"https:\/\/www.montajeselectricosanaya.com\/de\/wp-json\/wp\/v2\/users\/1"}],"replies":[{"embeddable":true,"href":"https:\/\/www.montajeselectricosanaya.com\/de\/wp-json\/wp\/v2\/comments?post=1325"}],"version-history":[{"count":0,"href":"https:\/\/www.montajeselectricosanaya.com\/de\/wp-json\/wp\/v2\/pages\/1325\/revisions"}],"wp:attachment":[{"href":"https:\/\/www.montajeselectricosanaya.com\/de\/wp-json\/wp\/v2\/media?parent=1325"}],"curies":[{"name":"wp","href":"https:\/\/api.w.org\/{rel}","templated":true}]}}